{"id":511,"date":"2015-03-24T08:11:00","date_gmt":"2015-03-24T07:11:00","guid":{"rendered":"http:\/\/io.tizoo.com\/~rideontime\/?page_id=511"},"modified":"2023-11-01T10:54:40","modified_gmt":"2023-11-01T09:54:40","slug":"presentation","status":"publish","type":"page","link":"https:\/\/www.rideontime.ch\/?page_id=511","title":{"rendered":"About"},"content":{"rendered":"<div class=\"vc_row wpb_row vc_row-fluid\"  >\n\t<div class=\"vc_col-sm-12 wpb_column vc_column_container \">\n\t\t<div class=\"wpb_wrapper\">\n\t\t\t<div class=\"vc_separator wpb_content_element vc_sep_width_100 vc_sep_dotted vc_sep_pos_align_center vc_separator_no_text\">\n\t<span class=\"vc_sep_holder vc_sep_holder_l\"><span style=\"border-color:#ee2031;\" class=\"vc_sep_line\"><\/span><\/span>\n\t\t<span class=\"vc_sep_holder vc_sep_holder_r\"><span style=\"border-color:#ee2031;\" class=\"vc_sep_line\"><\/span><\/span>\n<\/div>\n\n\n\t\t<\/div> \n\t<\/div> \n<\/div><div class=\"vc_row-full-width\"><\/div>\t<div class=\"vc_row wpb_row vc_row-fluid\"  >\n\t<div class=\"vc_col-sm-4 wpb_column vc_column_container \">\n\t\t<div class=\"wpb_wrapper\">\n\t\t\t\n\t<div class=\"wpb_text_column wpb_content_element \">\n\t\t<div class=\"wpb_wrapper\">\n\t\t\t<h2>Yvan \u00ab\u00a0Peacemaker \u00a0\u00bb Jaquemet<\/h2>\n\n\t\t<\/div> \n\t<\/div> <div class=\"vc_separator wpb_content_element vc_sep_width_100 vc_sep_dotted vc_sep_pos_align_center vc_separator_no_text\">\n\t<span class=\"vc_sep_holder vc_sep_holder_l\"><span style=\"border-color:#ee2031;\" class=\"vc_sep_line\"><\/span><\/span>\n\t\t<span class=\"vc_sep_holder vc_sep_holder_r\"><span style=\"border-color:#ee2031;\" class=\"vc_sep_line\"><\/span><\/span>\n<\/div>\n\n\n\t<div class=\"wpb_single_image wpb_content_element vc_align_left\">\n\t\t<div class=\"wpb_wrapper\">\n\t\t\t\n\t\t\t<div class=\"vc_single_image-wrapper   vc_box_border_grey\"><img width=\"300\" height=\"450\" src=\"https:\/\/www.rideontime.ch\/wp-content\/uploads\/2015\/03\/IMG_5183-e1427789585967.jpg\" class=\"vc_single_image-img attachment-full\" alt=\"\" decoding=\"async\" loading=\"lazy\" \/><\/div>\n\t\t<\/div> \n\t<\/div> \n\t\t<\/div> \n\t<\/div> \n\n\t<div class=\"vc_col-sm-4 wpb_column vc_column_container \">\n\t\t<div class=\"wpb_wrapper\">\n\t\t\t\n\t<div class=\"wpb_text_column wpb_content_element \">\n\t\t<div class=\"wpb_wrapper\">\n\t\t\t<p>Bas\u00e9 \u00e0 Lausanne, Suisse, Yvan Jaquemet, alias YVAN PEACEMAKER, est l\u2019un des compositeurs et producteurs qui a marqu\u00e9 de son empreinte la sc\u00e8ne hip hop suisse, fran\u00e7aise et allemande.<\/p>\n<p>Au d\u00e9but des ann\u00e9es 90, Yvan Peacemaker, se lance dans la production musicale en tant que beatmaker au sein du groupe de rap suisse DOUBLE PACT. Gr\u00e2ce au succ\u00e8s d&rsquo;estime de leur premier album (\u201cImpact n\u00b0 3\u201d &#8211; 1995), le groupe rencontre une grande partie des acteurs de la sc\u00e8ne rap hexagonale et Yvan commence \u00e0 \u00eatre sollicit\u00e9 par des artistes comme IDEAL J, FABE ou KOMA.<\/p>\n<p>Multipliant les collaborations, il va peu \u00e0 peu se faire un nom dans le monde du rap fran\u00e7ais et allemand gr\u00e2ce \u00e0 ses productions m\u00e9lodieuses et \u00e9nergiques. Ce qui l&rsquo;am\u00e8ne \u00e0 produire des titres pour des artistes tels que ROHFF, DIAM&rsquo;S, SNIPER, BOOBA, SINIK, JOEY STARR, \u00c4RSENIK en France et \u00a0AFROB, ASD, MASSIVE T\u00d6NE, BUSHIDO et ADEL TAWIL en Allemagne.<\/p>\n<p>Entre-temps, en Suisse, il continue sa collaboration avec Double Pact et lorsque le groupe se s\u00e9pare au d\u00e9but des ann\u00e9es 2000, il prend naturellement part \u00e0 l&rsquo;aventure solo de son ami STRESS en tant que beatmaker et co-producteur artistique. Cette collaboration lui permet d&rsquo;\u00e9largir son univers musical et d&rsquo;inclure un touche de rock, de pop ou encore d&rsquo;\u00e9lectro dans ses productions. Elle sera par ailleurs couronn\u00e9e de succ\u00e8s avec, \u00e0 la cl\u00e9, plusieurs albums certifi\u00e9s disque de platine.<\/p>\n<p>En 2017, Yvan est engag\u00e9 par l\u2019\u00e9cole de m\u00e9dias cr\u00e9atifs SAE Institute Gen\u00e8ve pour mettre sur pied une nouvelle formation dans le domaine du Music Business. Il en devient responsable et y enseigne \u00e0 temps partiel, ce qui l\u2019am\u00e8ne \u00e0 \u00e9largir et approfondir ses connaissances de l\u2019industrie musicale, notamment dans les domaines du droit, des revenus et du marketing. A c\u00f4t\u00e9 de cette activit\u00e9, Yvan continue son activit\u00e9 musicale de producteur artistique en collaborant avec des artistes suisses tels que Sim\u2019s ou Silance.<\/p>\n<h4><a href=\"https:\/\/fr.wikipedia.org\/wiki\/Yvan_Peacemaker\"><strong>Discographie<\/strong><\/a><\/h4>\n\n\t\t<\/div> \n\t<\/div> \n\t\t<\/div> \n\t<\/div> \n\n\t<div class=\"vc_col-sm-4 wpb_column vc_column_container \">\n\t\t<div class=\"wpb_wrapper\">\n\t\t\t\n\t<div class=\"wpb_text_column wpb_content_element \">\n\t\t<div class=\"wpb_wrapper\">\n\t\t\t<h4>Dates cl\u00e9<\/h4>\n<p>1976 &#8211; naissance<\/p>\n<p>1995 &#8211; 1\u00e8re sortie commerciale en tant que beatmaker: Double Pact &#8211; \u00ab\u00a0impact n\u00b03\u00a0\u00bb<\/p>\n<p>2003 &#8211; \u00e9lu \u00ab\u00a0meilleur beatmaker de rap fran\u00e7ais\u00a0\u00bb par le Groove magazine<\/p>\n<p>2017 &#8211; responsable de la formation Music Business \u00e0 SAE Institute Gen\u00e8ve<\/p>\n<p><a href=\"https:\/\/fr.wikipedia.org\/wiki\/Yvan_Peacemaker\">Yvan Peacemaker discographie<\/a><\/p>\n\n\t\t<\/div> \n\t<\/div> \n\t\t<\/div> \n\t<\/div> \n<\/div><div class=\"vc_row-full-width\"><\/div>\n","protected":false},"excerpt":{"rendered":"Yvan \"Peacemaker \" Jaquemet Bas\u00e9 \u00e0 Lausanne, Suisse, Yvan Jaquemet, alias YVAN PEACEMAKER, est l\u2019un des compositeurs et producteurs qui a marqu\u00e9 de son empreinte la sc\u00e8ne hip hop suisse, fran\u00e7aise et allemande. Au d\u00e9but des ann\u00e9es 90, Yvan Peacemaker, se lance dans la production musicale en tant que beatmaker au sein du groupe de [...]","protected":false},"author":1,"featured_media":0,"parent":0,"menu_order":0,"comment_status":"closed","ping_status":"closed","template":"","meta":[],"_links":{"self":[{"href":"https:\/\/www.rideontime.ch\/index.php?rest_route=\/wp\/v2\/pages\/511"}],"collection":[{"href":"https:\/\/www.rideontime.ch\/index.php?rest_route=\/wp\/v2\/pages"}],"about":[{"href":"https:\/\/www.rideontime.ch\/index.php?rest_route=\/wp\/v2\/types\/page"}],"author":[{"embeddable":true,"href":"https:\/\/www.rideontime.ch\/index.php?rest_route=\/wp\/v2\/users\/1"}],"replies":[{"embeddable":true,"href":"https:\/\/www.rideontime.ch\/index.php?rest_route=%2Fwp%2Fv2%2Fcomments&post=511"}],"version-history":[{"count":32,"href":"https:\/\/www.rideontime.ch\/index.php?rest_route=\/wp\/v2\/pages\/511\/revisions"}],"predecessor-version":[{"id":653,"href":"https:\/\/www.rideontime.ch\/index.php?rest_route=\/wp\/v2\/pages\/511\/revisions\/653"}],"wp:attachment":[{"href":"https:\/\/www.rideontime.ch\/index.php?rest_route=%2Fwp%2Fv2%2Fmedia&parent=511"}],"curies":[{"name":"wp","href":"https:\/\/api.w.org\/{rel}","templated":true}]}}